{"id":433,"date":"2019-03-26T15:19:16","date_gmt":"2019-03-26T14:19:16","guid":{"rendered":"https:\/\/bforbconsulting.it\/?page_id=433"},"modified":"2019-08-28T12:34:22","modified_gmt":"2019-08-28T10:34:22","slug":"sviluppo-innovazione","status":"publish","type":"page","link":"https:\/\/bforbconsulting.it\/it\/servizi\/sviluppo-innovazione\/","title":{"rendered":"Innovation management"},"content":{"rendered":"<\/p>\n\n\n","protected":false},"excerpt":{"rendered":"","protected":false},"author":1,"featured_media":0,"parent":130,"menu_order":0,"comment_status":"closed","ping_status":"closed","template":"","meta":{"_acf_changed":false,"_exactmetrics_skip_tracking":false,"_exactmetrics_sitenote_active":false,"_exactmetrics_sitenote_note":"","_exactmetrics_sitenote_category":0,"footnotes":""},"class_list":["post-433","page","type-page","status-publish","hentry"],"acf":[],"yoast_head":"<!-- This site is optimized with the Yoast SEO plugin v26.6 - https:\/\/yoast.com\/wordpress\/plugins\/seo\/ -->\n<title>Sviluppo dell&#039;innovazione aziendale | Bforb Consulting<\/title>\n<meta name=\"description\" content=\"Un&#039;impresa di successo deve essere in grado di anticipare le necessit\u00e0 del settore. Essere a conoscenza delle opportunit\u00e0 e delle tecnologie \u00e8 il primo passo\" \/>\n<meta name=\"robots\" content=\"index, follow, max-snippet:-1, max-image-preview:large, max-video-preview:-1\" \/>\n<link rel=\"canonical\" href=\"https:\/\/bforbconsulting.it\/it\/it\/servizi\/sviluppo-innovazione\/\" \/>\n<meta property=\"og:locale\" content=\"it_IT\" \/>\n<meta property=\"og:type\" content=\"article\" \/>\n<meta property=\"og:title\" content=\"Sviluppo dell&#039;innovazione aziendale | Bforb Consulting\" \/>\n<meta property=\"og:description\" content=\"Un&#039;impresa di successo deve essere in grado di anticipare le necessit\u00e0 del settore. Essere a conoscenza delle opportunit\u00e0 e delle tecnologie \u00e8 il primo passo\" \/>\n<meta property=\"og:url\" content=\"https:\/\/bforbconsulting.it\/it\/it\/servizi\/sviluppo-innovazione\/\" \/>\n<meta property=\"og:site_name\" content=\"B.for.B Srl\" \/>\n<meta property=\"article:modified_time\" content=\"2019-08-28T10:34:22+00:00\" \/>\n<meta name=\"twitter:card\" content=\"summary_large_image\" \/>\n<meta name=\"twitter:label1\" content=\"Tempo di lettura stimato\" \/>\n\t<meta name=\"twitter:data1\" content=\"10 minuti\" \/>\n<!-- \/ Yoast SEO plugin. -->","yoast_head_json":{"title":"Sviluppo dell'innovazione aziendale | Bforb Consulting","description":"Un'impresa di successo deve essere in grado di anticipare le necessit\u00e0 del settore. Essere a conoscenza delle opportunit\u00e0 e delle tecnologie \u00e8 il primo passo","robots":{"index":"index","follow":"follow","max-snippet":"max-snippet:-1","max-image-preview":"max-image-preview:large","max-video-preview":"max-video-preview:-1"},"canonical":"https:\/\/bforbconsulting.it\/it\/it\/servizi\/sviluppo-innovazione\/","og_locale":"it_IT","og_type":"article","og_title":"Sviluppo dell'innovazione aziendale | Bforb Consulting","og_description":"Un'impresa di successo deve essere in grado di anticipare le necessit\u00e0 del settore. Essere a conoscenza delle opportunit\u00e0 e delle tecnologie \u00e8 il primo passo","og_url":"https:\/\/bforbconsulting.it\/it\/it\/servizi\/sviluppo-innovazione\/","og_site_name":"B.for.B Srl","article_modified_time":"2019-08-28T10:34:22+00:00","twitter_card":"summary_large_image","twitter_misc":{"Tempo di lettura stimato":"10 minuti"},"schema":{"@context":"https:\/\/schema.org","@graph":[{"@type":"WebPage","@id":"https:\/\/bforbconsulting.it\/it\/it\/servizi\/sviluppo-innovazione\/","url":"https:\/\/bforbconsulting.it\/it\/it\/servizi\/sviluppo-innovazione\/","name":"Sviluppo dell'innovazione aziendale | Bforb Consulting","isPartOf":{"@id":"https:\/\/bforbconsulting.it\/it\/#website"},"datePublished":"2019-03-26T14:19:16+00:00","dateModified":"2019-08-28T10:34:22+00:00","description":"Un'impresa di successo deve essere in grado di anticipare le necessit\u00e0 del settore. Essere a conoscenza delle opportunit\u00e0 e delle tecnologie \u00e8 il primo passo","breadcrumb":{"@id":"https:\/\/bforbconsulting.it\/it\/it\/servizi\/sviluppo-innovazione\/#breadcrumb"},"inLanguage":"it-IT","potentialAction":[{"@type":"ReadAction","target":["https:\/\/bforbconsulting.it\/it\/it\/servizi\/sviluppo-innovazione\/"]}]},{"@type":"BreadcrumbList","@id":"https:\/\/bforbconsulting.it\/it\/it\/servizi\/sviluppo-innovazione\/#breadcrumb","itemListElement":[{"@type":"ListItem","position":1,"name":"Home","item":"https:\/\/bforbconsulting.it\/it\/it\/"},{"@type":"ListItem","position":2,"name":"Servizi","item":"https:\/\/bforbconsulting.it\/it\/it\/servizi\/"},{"@type":"ListItem","position":3,"name":"Innovation management"}]},{"@type":"WebSite","@id":"https:\/\/bforbconsulting.it\/it\/#website","url":"https:\/\/bforbconsulting.it\/it\/","name":"B.for.B Srl","description":"Consulenza aziendale su misura","publisher":{"@id":"https:\/\/bforbconsulting.it\/it\/#organization"},"potentialAction":[{"@type":"SearchAction","target":{"@type":"EntryPoint","urlTemplate":"https:\/\/bforbconsulting.it\/it\/?s={search_term_string}"},"query-input":{"@type":"PropertyValueSpecification","valueRequired":true,"valueName":"search_term_string"}}],"inLanguage":"it-IT"},{"@type":"Organization","@id":"https:\/\/bforbconsulting.it\/it\/#organization","name":"B.for.B Consulting S.r.l.","url":"https:\/\/bforbconsulting.it\/it\/","logo":{"@type":"ImageObject","inLanguage":"it-IT","@id":"https:\/\/bforbconsulting.it\/it\/#\/schema\/logo\/image\/","url":"https:\/\/bforbconsulting.it\/wp-content\/uploads\/2019\/05\/logo300.png","contentUrl":"https:\/\/bforbconsulting.it\/wp-content\/uploads\/2019\/05\/logo300.png","width":300,"height":229,"caption":"B.for.B Consulting S.r.l."},"image":{"@id":"https:\/\/bforbconsulting.it\/it\/#\/schema\/logo\/image\/"}}]}},"_links":{"self":[{"href":"https:\/\/bforbconsulting.it\/it\/wp-json\/wp\/v2\/pages\/433","targetHints":{"allow":["GET"]}}],"collection":[{"href":"https:\/\/bforbconsulting.it\/it\/wp-json\/wp\/v2\/pages"}],"about":[{"href":"https:\/\/bforbconsulting.it\/it\/wp-json\/wp\/v2\/types\/page"}],"author":[{"embeddable":true,"href":"https:\/\/bforbconsulting.it\/it\/wp-json\/wp\/v2\/users\/1"}],"replies":[{"embeddable":true,"href":"https:\/\/bforbconsulting.it\/it\/wp-json\/wp\/v2\/comments?post=433"}],"version-history":[{"count":9,"href":"https:\/\/bforbconsulting.it\/it\/wp-json\/wp\/v2\/pages\/433\/revisions"}],"predecessor-version":[{"id":937,"href":"https:\/\/bforbconsulting.it\/it\/wp-json\/wp\/v2\/pages\/433\/revisions\/937"}],"up":[{"embeddable":true,"href":"https:\/\/bforbconsulting.it\/it\/wp-json\/wp\/v2\/pages\/130"}],"wp:attachment":[{"href":"https:\/\/bforbconsulting.it\/it\/wp-json\/wp\/v2\/media?parent=433"}],"curies":[{"name":"wp","href":"https:\/\/api.w.org\/{rel}","templated":true}]}}